{"id":117,"date":"2020-03-20T10:41:01","date_gmt":"2020-03-20T09:41:01","guid":{"rendered":"http:\/\/profsenligne.free.fr\/?page_id=117"},"modified":"2020-03-20T10:41:01","modified_gmt":"2020-03-20T09:41:01","slug":"ecole-jerome-beau-pere","status":"publish","type":"page","link":"https:\/\/profsenligne.net\/index.php\/ecole-jerome-beau-pere\/","title":{"rendered":"\u00c9cole J\u00e9r\u00f4me Beaup\u00e8re"},"content":{"rendered":"","protected":false},"excerpt":{"rendered":"","protected":false},"author":2,"featured_media":0,"parent":0,"menu_order":0,"comment_status":"closed","ping_status":"closed","template":"","meta":{"footnotes":""},"_links":{"self":[{"href":"https:\/\/profsenligne.net\/index.php\/wp-json\/wp\/v2\/pages\/117"}],"collection":[{"href":"https:\/\/profsenligne.net\/index.php\/wp-json\/wp\/v2\/pages"}],"about":[{"href":"https:\/\/profsenligne.net\/index.php\/wp-json\/wp\/v2\/types\/page"}],"author":[{"embeddable":true,"href":"https:\/\/profsenligne.net\/index.php\/wp-json\/wp\/v2\/users\/2"}],"replies":[{"embeddable":true,"href":"https:\/\/profsenligne.net\/index.php\/wp-json\/wp\/v2\/comments?post=117"}],"version-history":[{"count":0,"href":"https:\/\/profsenligne.net\/index.php\/wp-json\/wp\/v2\/pages\/117\/revisions"}],"wp:attachment":[{"href":"https:\/\/profsenligne.net\/index.php\/wp-json\/wp\/v2\/media?parent=117"}],"curies":[{"name":"wp","href":"https:\/\/api.w.org\/{rel}","templated":true}]}}