{"id":10,"date":"2018-10-23T01:46:20","date_gmt":"2018-10-22T23:46:20","guid":{"rendered":"http:\/\/profsenligne.free.fr\/?page_id=10"},"modified":"2020-05-21T15:14:29","modified_gmt":"2020-05-21T19:14:29","slug":"carte-idn","status":"publish","type":"page","link":"https:\/\/profsenligne.net\/index.php\/carte-idn\/","title":{"rendered":"Carte des \u00eeles du Nord"},"content":{"rendered":"\n<p>Cette carte vous indique l&#8217;emplacement des <strong>\u00e9tablissements scolaires de Saint-Barth\u00e9lemy et de Saint-Martin<\/strong>  (Activez les boutons et cliquez sur les balises de couleur pour afficher les coordonn\u00e9es).<\/p>\n\n\n\n<p><strong><a class=\"maxbutton-5 maxbutton maxbutton-button-map\" title=\"Carte de Saint-Martin\" href=\"https:\/\/profsenligne.net\/wp-content\/uploads\/Carte\/IDN_sxm-oct24.html\"><span class='mb-text'>\u00c9tablissements scolaires des \u00eeles du Nord<\/span><\/a><\/strong><\/p>\n\n\n\n<div class=\"wp-block-buttons is-layout-flex wp-block-buttons-is-layout-flex\"><\/div>\n\n\n\n<hr class=\"wp-block-separator\"\/>\n\n\n\n<p><\/p>\n","protected":false},"excerpt":{"rendered":"<p>Cette carte vous indique l&#8217;emplacement des \u00e9tablissements scolaires de Saint-Barth\u00e9lemy et de Saint-Martin (Activez les boutons et cliquez sur les balises de couleur pour afficher les coordonn\u00e9es).<\/p>\n","protected":false},"author":2,"featured_media":0,"parent":0,"menu_order":0,"comment_status":"closed","ping_status":"closed","template":"","meta":{"footnotes":""},"_links":{"self":[{"href":"https:\/\/profsenligne.net\/index.php\/wp-json\/wp\/v2\/pages\/10"}],"collection":[{"href":"https:\/\/profsenligne.net\/index.php\/wp-json\/wp\/v2\/pages"}],"about":[{"href":"https:\/\/profsenligne.net\/index.php\/wp-json\/wp\/v2\/types\/page"}],"author":[{"embeddable":true,"href":"https:\/\/profsenligne.net\/index.php\/wp-json\/wp\/v2\/users\/2"}],"replies":[{"embeddable":true,"href":"https:\/\/profsenligne.net\/index.php\/wp-json\/wp\/v2\/comments?post=10"}],"version-history":[{"count":28,"href":"https:\/\/profsenligne.net\/index.php\/wp-json\/wp\/v2\/pages\/10\/revisions"}],"predecessor-version":[{"id":3114,"href":"https:\/\/profsenligne.net\/index.php\/wp-json\/wp\/v2\/pages\/10\/revisions\/3114"}],"wp:attachment":[{"href":"https:\/\/profsenligne.net\/index.php\/wp-json\/wp\/v2\/media?parent=10"}],"curies":[{"name":"wp","href":"https:\/\/api.w.org\/{rel}","templated":true}]}}